{"id":420,"date":"2024-03-06T18:50:22","date_gmt":"2024-03-06T18:50:22","guid":{"rendered":"https:\/\/escuelallanosubercaseaux.cl\/?page_id=420"},"modified":"2025-07-10T15:18:54","modified_gmt":"2025-07-10T15:18:54","slug":"documentos-oficiales-3","status":"publish","type":"page","link":"https:\/\/escuelallanosubercaseaux.cl\/?page_id=420","title":{"rendered":"Misi\u00f3n y Vision Institucional"},"content":{"rendered":"\t\t<div data-elementor-type=\"wp-page\" data-elementor-id=\"420\" class=\"elementor elementor-420\" data-elementor-post-type=\"page\">\n\t\t\t\t<div class=\"elementor-element elementor-element-41747a8 e-flex e-con-boxed e-con e-parent\" data-id=\"41747a8\" data-element_type=\"container\">\n\t\t\t\t\t<div class=\"e-con-inner\">\n\t\t\t\t<div class=\"elementor-element elementor-element-4d38919 elementor-widget elementor-widget-spacer\" data-id=\"4d38919\" data-element_type=\"widget\" data-widget_type=\"spacer.default\">\n\t\t\t\t<div class=\"elementor-widget-container\">\n\t\t\t\t\t\t\t<div class=\"elementor-spacer\">\n\t\t\t<div class=\"elementor-spacer-inner\"><\/div>\n\t\t<\/div>\n\t\t\t\t\t\t<\/div>\n\t\t\t\t<\/div>\n\t\t\t\t<div class=\"elementor-element elementor-element-2eb5257 elementor-widget elementor-widget-heading\" data-id=\"2eb5257\" data-element_type=\"widget\" data-widget_type=\"heading.default\">\n\t\t\t\t<div class=\"elementor-widget-container\">\n\t\t\t\t\t<h2 class=\"elementor-heading-title elementor-size-default\">Sobre la Escuela Llano Subercaseaux<\/h2>\t\t\t\t<\/div>\n\t\t\t\t<\/div>\n\t\t\t\t<div class=\"elementor-element elementor-element-0bb89c1 elementor-widget elementor-widget-spacer\" data-id=\"0bb89c1\" data-element_type=\"widget\" data-widget_type=\"spacer.default\">\n\t\t\t\t<div class=\"elementor-widget-container\">\n\t\t\t\t\t\t\t<div class=\"elementor-spacer\">\n\t\t\t<div class=\"elementor-spacer-inner\"><\/div>\n\t\t<\/div>\n\t\t\t\t\t\t<\/div>\n\t\t\t\t<\/div>\n\t\t\t\t\t<\/div>\n\t\t\t\t<\/div>\n\t\t<div class=\"elementor-element elementor-element-60fc161 e-flex e-con-boxed e-con e-parent\" data-id=\"60fc161\" data-element_type=\"container\">\n\t\t\t\t\t<div class=\"e-con-inner\">\n\t\t\t\t<div class=\"elementor-element elementor-element-c1f0f5e elementor-widget elementor-widget-text-editor\" data-id=\"c1f0f5e\" data-element_type=\"widget\" data-widget_type=\"text-editor.default\">\n\t\t\t\t<div class=\"elementor-widget-container\">\n\t\t\t\t\t\t\t\t\t<p>La Escuela Llano Subercaseaux se reconoce como un establecimiento educacional que se ha distinguido y consolidado como una unidad educativa que atiende a una poblaci\u00f3n escolar diversa, tanto en t\u00e9rminos sociales, culturales, \u00e9tnicos y de nacionalidad; as\u00ed como tambi\u00e9n debido a las necesidades educativas a las que procura dar respuesta. Por ello, su quehacer se caracteriza por ofrecer una educaci\u00f3n que respeta la diversidad, valor\u00e1ndola como una oportunidad para enriquecer la formaci\u00f3n de sus estudiantes a trav\u00e9s de distintas instancias que apuntan a alcanzar una educaci\u00f3n integral.<\/p>\t\t\t\t\t\t\t\t<\/div>\n\t\t\t\t<\/div>\n\t\t\t\t<div class=\"elementor-element elementor-element-1135191 elementor-widget elementor-widget-heading\" data-id=\"1135191\" data-element_type=\"widget\" data-widget_type=\"heading.default\">\n\t\t\t\t<div class=\"elementor-widget-container\">\n\t\t\t\t\t<h2 class=\"elementor-heading-title elementor-size-default\">Misi\u00f3n Institucional<\/h2>\t\t\t\t<\/div>\n\t\t\t\t<\/div>\n\t\t\t\t<div class=\"elementor-element elementor-element-c465a64 elementor-widget-divider--view-line elementor-widget elementor-widget-divider\" data-id=\"c465a64\" data-element_type=\"widget\" data-widget_type=\"divider.default\">\n\t\t\t\t<div class=\"elementor-widget-container\">\n\t\t\t\t\t\t\t<div class=\"elementor-divider\">\n\t\t\t<span class=\"elementor-divider-separator\">\n\t\t\t\t\t\t<\/span>\n\t\t<\/div>\n\t\t\t\t\t\t<\/div>\n\t\t\t\t<\/div>\n\t\t\t\t\t<\/div>\n\t\t\t\t<\/div>\n\t\t<div class=\"elementor-element elementor-element-45fd886 e-flex e-con-boxed e-con e-parent\" data-id=\"45fd886\" data-element_type=\"container\">\n\t\t\t\t\t<div class=\"e-con-inner\">\n\t\t<div class=\"elementor-element elementor-element-e93ba28 e-con-full e-flex e-con e-child\" data-id=\"e93ba28\" data-element_type=\"container\">\n\t\t\t\t<div class=\"elementor-element elementor-element-2fdfcee elementor-widget elementor-widget-image\" data-id=\"2fdfcee\" data-element_type=\"widget\" data-widget_type=\"image.default\">\n\t\t\t\t<div class=\"elementor-widget-container\">\n\t\t\t\t\t\t\t\t\t\t\t\t\t\t\t<img fetchpriority=\"high\" decoding=\"async\" width=\"800\" height=\"600\" src=\"https:\/\/escuelallanosubercaseaux.cl\/wp-content\/uploads\/2025\/07\/WhatsApp-Image-2025-07-10-at-11.16.47-1024x768.jpeg\" class=\"attachment-large size-large wp-image-470\" alt=\"\" srcset=\"https:\/\/escuelallanosubercaseaux.cl\/wp-content\/uploads\/2025\/07\/WhatsApp-Image-2025-07-10-at-11.16.47-1024x768.jpeg 1024w, https:\/\/escuelallanosubercaseaux.cl\/wp-content\/uploads\/2025\/07\/WhatsApp-Image-2025-07-10-at-11.16.47-300x225.jpeg 300w, https:\/\/escuelallanosubercaseaux.cl\/wp-content\/uploads\/2025\/07\/WhatsApp-Image-2025-07-10-at-11.16.47-768x576.jpeg 768w, https:\/\/escuelallanosubercaseaux.cl\/wp-content\/uploads\/2025\/07\/WhatsApp-Image-2025-07-10-at-11.16.47.jpeg 1280w\" sizes=\"(max-width: 800px) 100vw, 800px\" \/>\t\t\t\t\t\t\t\t\t\t\t\t\t\t\t<\/div>\n\t\t\t\t<\/div>\n\t\t\t\t<\/div>\n\t\t<div class=\"elementor-element elementor-element-dae802e e-con-full e-flex e-con e-child\" data-id=\"dae802e\" data-element_type=\"container\">\n\t\t\t\t<div class=\"elementor-element elementor-element-8f2747b elementor-widget elementor-widget-text-editor\" data-id=\"8f2747b\" data-element_type=\"widget\" data-widget_type=\"text-editor.default\">\n\t\t\t\t<div class=\"elementor-widget-container\">\n\t\t\t\t\t\t\t\t\t<p>La Escuela Llano Subercaseaux, es una escuela p\u00fablica, que contribuye a la formaci\u00f3n integral de sus estudiantes, a trav\u00e9s de aprendizajes y habilidades que promueven la participaci\u00f3n activa, la inclusi\u00f3n y el bien com\u00fan\u201d.<\/p>\t\t\t\t\t\t\t\t<\/div>\n\t\t\t\t<\/div>\n\t\t\t\t<\/div>\n\t\t\t\t\t<\/div>\n\t\t\t\t<\/div>\n\t\t<div class=\"elementor-element elementor-element-89f66bd e-flex e-con-boxed e-con e-parent\" data-id=\"89f66bd\" data-element_type=\"container\">\n\t\t\t\t\t<div class=\"e-con-inner\">\n\t\t\t\t<div class=\"elementor-element elementor-element-dc58e6a elementor-widget elementor-widget-spacer\" data-id=\"dc58e6a\" data-element_type=\"widget\" data-widget_type=\"spacer.default\">\n\t\t\t\t<div class=\"elementor-widget-container\">\n\t\t\t\t\t\t\t<div class=\"elementor-spacer\">\n\t\t\t<div class=\"elementor-spacer-inner\"><\/div>\n\t\t<\/div>\n\t\t\t\t\t\t<\/div>\n\t\t\t\t<\/div>\n\t\t\t\t\t<\/div>\n\t\t\t\t<\/div>\n\t\t<div class=\"elementor-element elementor-element-c7e7cec e-flex e-con-boxed e-con e-parent\" data-id=\"c7e7cec\" data-element_type=\"container\">\n\t\t\t\t\t<div class=\"e-con-inner\">\n\t\t\t\t<div class=\"elementor-element elementor-element-86e520e elementor-widget elementor-widget-heading\" data-id=\"86e520e\" data-element_type=\"widget\" data-widget_type=\"heading.default\">\n\t\t\t\t<div class=\"elementor-widget-container\">\n\t\t\t\t\t<h2 class=\"elementor-heading-title elementor-size-default\">Visi\u00f3n Institucional<\/h2>\t\t\t\t<\/div>\n\t\t\t\t<\/div>\n\t\t\t\t<div class=\"elementor-element elementor-element-88b3cd4 elementor-widget-divider--view-line elementor-widget elementor-widget-divider\" data-id=\"88b3cd4\" data-element_type=\"widget\" data-widget_type=\"divider.default\">\n\t\t\t\t<div class=\"elementor-widget-container\">\n\t\t\t\t\t\t\t<div class=\"elementor-divider\">\n\t\t\t<span class=\"elementor-divider-separator\">\n\t\t\t\t\t\t<\/span>\n\t\t<\/div>\n\t\t\t\t\t\t<\/div>\n\t\t\t\t<\/div>\n\t\t\t\t\t<\/div>\n\t\t\t\t<\/div>\n\t\t<div class=\"elementor-element elementor-element-9f0f215 e-flex e-con-boxed e-con e-parent\" data-id=\"9f0f215\" data-element_type=\"container\">\n\t\t\t\t\t<div class=\"e-con-inner\">\n\t\t<div class=\"elementor-element elementor-element-51cfbf8 e-con-full e-flex e-con e-child\" data-id=\"51cfbf8\" data-element_type=\"container\">\n\t\t\t\t<div class=\"elementor-element elementor-element-3572b2a elementor-widget elementor-widget-text-editor\" data-id=\"3572b2a\" data-element_type=\"widget\" data-widget_type=\"text-editor.default\">\n\t\t\t\t<div class=\"elementor-widget-container\">\n\t\t\t\t\t\t\t\t\t<p>Formaremos estudiantes comprometidos con la participaci\u00f3n ciudadana, el medio ambiente y la vida saludable, potenciando habilidades que contribuyan al desarrollo sustentable de su entorno\u201d.<\/p>\t\t\t\t\t\t\t\t<\/div>\n\t\t\t\t<\/div>\n\t\t\t\t<\/div>\n\t\t<div class=\"elementor-element elementor-element-d86e5a2 e-con-full e-flex e-con e-child\" data-id=\"d86e5a2\" data-element_type=\"container\">\n\t\t\t\t<div class=\"elementor-element elementor-element-35e7ebf elementor-widget elementor-widget-image\" data-id=\"35e7ebf\" data-element_type=\"widget\" data-widget_type=\"image.default\">\n\t\t\t\t<div class=\"elementor-widget-container\">\n\t\t\t\t\t\t\t\t\t\t\t\t\t\t\t<img decoding=\"async\" width=\"800\" height=\"600\" src=\"https:\/\/escuelallanosubercaseaux.cl\/wp-content\/uploads\/2025\/07\/WhatsApp-Image-2025-07-10-at-11.17.13-1024x768.jpeg\" class=\"attachment-large size-large wp-image-469\" alt=\"\" srcset=\"https:\/\/escuelallanosubercaseaux.cl\/wp-content\/uploads\/2025\/07\/WhatsApp-Image-2025-07-10-at-11.17.13-1024x768.jpeg 1024w, https:\/\/escuelallanosubercaseaux.cl\/wp-content\/uploads\/2025\/07\/WhatsApp-Image-2025-07-10-at-11.17.13-300x225.jpeg 300w, https:\/\/escuelallanosubercaseaux.cl\/wp-content\/uploads\/2025\/07\/WhatsApp-Image-2025-07-10-at-11.17.13-768x576.jpeg 768w, https:\/\/escuelallanosubercaseaux.cl\/wp-content\/uploads\/2025\/07\/WhatsApp-Image-2025-07-10-at-11.17.13-1536x1152.jpeg 1536w, https:\/\/escuelallanosubercaseaux.cl\/wp-content\/uploads\/2025\/07\/WhatsApp-Image-2025-07-10-at-11.17.13.jpeg 1600w\" sizes=\"(max-width: 800px) 100vw, 800px\" \/>\t\t\t\t\t\t\t\t\t\t\t\t\t\t\t<\/div>\n\t\t\t\t<\/div>\n\t\t\t\t<\/div>\n\t\t\t\t\t<\/div>\n\t\t\t\t<\/div>\n\t\t<div class=\"elementor-element elementor-element-a015749 e-flex e-con-boxed e-con e-parent\" data-id=\"a015749\" data-element_type=\"container\">\n\t\t\t\t\t<div class=\"e-con-inner\">\n\t\t\t\t<div class=\"elementor-element elementor-element-90fdcd3 elementor-widget elementor-widget-spacer\" data-id=\"90fdcd3\" data-element_type=\"widget\" data-widget_type=\"spacer.default\">\n\t\t\t\t<div class=\"elementor-widget-container\">\n\t\t\t\t\t\t\t<div class=\"elementor-spacer\">\n\t\t\t<div class=\"elementor-spacer-inner\"><\/div>\n\t\t<\/div>\n\t\t\t\t\t\t<\/div>\n\t\t\t\t<\/div>\n\t\t\t\t\t<\/div>\n\t\t\t\t<\/div>\n\t\t\t\t<\/div>\n\t\t","protected":false},"excerpt":{"rendered":"<p>Sobre la Escuela Llano Subercaseaux La Escuela Llano Subercaseaux se reconoce como un establecimiento educacional que se ha distinguido y consolidado como una unidad educativa que atiende a una poblaci\u00f3n escolar diversa, tanto en t\u00e9rminos sociales, culturales, \u00e9tnicos y de nacionalidad; as\u00ed como tambi\u00e9n debido a las necesidades educativas a las que procura dar respuesta. [&hellip;]<\/p>\n","protected":false},"author":1,"featured_media":0,"parent":0,"menu_order":0,"comment_status":"closed","ping_status":"closed","template":"","meta":{"footnotes":""},"class_list":["post-420","page","type-page","status-publish","hentry"],"_links":{"self":[{"href":"https:\/\/escuelallanosubercaseaux.cl\/index.php?rest_route=\/wp\/v2\/pages\/420","targetHints":{"allow":["GET"]}}],"collection":[{"href":"https:\/\/escuelallanosubercaseaux.cl\/index.php?rest_route=\/wp\/v2\/pages"}],"about":[{"href":"https:\/\/escuelallanosubercaseaux.cl\/index.php?rest_route=\/wp\/v2\/types\/page"}],"author":[{"embeddable":true,"href":"https:\/\/escuelallanosubercaseaux.cl\/index.php?rest_route=\/wp\/v2\/users\/1"}],"replies":[{"embeddable":true,"href":"https:\/\/escuelallanosubercaseaux.cl\/index.php?rest_route=%2Fwp%2Fv2%2Fcomments&post=420"}],"version-history":[{"count":16,"href":"https:\/\/escuelallanosubercaseaux.cl\/index.php?rest_route=\/wp\/v2\/pages\/420\/revisions"}],"predecessor-version":[{"id":473,"href":"https:\/\/escuelallanosubercaseaux.cl\/index.php?rest_route=\/wp\/v2\/pages\/420\/revisions\/473"}],"wp:attachment":[{"href":"https:\/\/escuelallanosubercaseaux.cl\/index.php?rest_route=%2Fwp%2Fv2%2Fmedia&parent=420"}],"curies":[{"name":"wp","href":"https:\/\/api.w.org\/{rel}","templated":true}]}}